{"id":2201,"date":"2021-04-08T16:42:26","date_gmt":"2021-04-08T14:42:26","guid":{"rendered":"https:\/\/studios.pikasslifestyle.com\/studio-wiesloch\/?page_id=2201"},"modified":"2026-01-17T18:11:51","modified_gmt":"2026-01-17T17:11:51","slug":"impressum","status":"publish","type":"page","link":"https:\/\/studios.pikasslifestyle.com\/studio-wiesloch\/impressum\/","title":{"rendered":"IMPRESSUM"},"content":{"rendered":"\t\t<div data-elementor-type=\"wp-page\" data-elementor-id=\"2201\" class=\"elementor elementor-2201\" data-elementor-post-type=\"page\">\n\t\t\t\t\t\t<section class=\"elementor-section elementor-top-section elementor-element elementor-element-5887615 elementor-section-full_width elementor-section-height-min-height elementor-section-stretched elementor-section-height-default elementor-section-items-middle\" data-id=\"5887615\" data-element_type=\"section\" data-e-type=\"section\" data-settings=\"{&quot;stretch_section&quot;:&quot;section-stretched&quot;,&quot;background_background&quot;:&quot;classic&quot;}\">\n\t\t\t\t\t\t\t<div class=\"elementor-background-overlay\"><\/div>\n\t\t\t\t\t\t\t<div class=\"elementor-container elementor-column-gap-default\">\n\t\t\t\t\t<div class=\"elementor-column elementor-col-100 elementor-top-column elementor-element elementor-element-bb4dd3b\" data-id=\"bb4dd3b\" data-element_type=\"column\" data-e-type=\"column\">\n\t\t\t<div class=\"elementor-widget-wrap elementor-element-populated\">\n\t\t\t\t\t\t<div class=\"elementor-element elementor-element-cdd1f45 elementor-widget elementor-widget-heading\" data-id=\"cdd1f45\" data-element_type=\"widget\" data-e-type=\"widget\" data-widget_type=\"heading.default\">\n\t\t\t\t<div class=\"elementor-widget-container\">\n\t\t\t\t\t<h2 class=\"elementor-heading-title elementor-size-default\">Studio Wiesloch<\/h2>\t\t\t\t<\/div>\n\t\t\t\t<\/div>\n\t\t\t\t<div class=\"elementor-element elementor-element-9c46fbd elementor-widget elementor-widget-heading\" data-id=\"9c46fbd\" data-element_type=\"widget\" data-e-type=\"widget\" data-widget_type=\"heading.default\">\n\t\t\t\t<div class=\"elementor-widget-container\">\n\t\t\t\t\t<h2 class=\"elementor-heading-title elementor-size-default\">Impressum<\/h2>\t\t\t\t<\/div>\n\t\t\t\t<\/div>\n\t\t\t\t\t<\/div>\n\t\t<\/div>\n\t\t\t\t\t<\/div>\n\t\t<\/section>\n\t\t\t\t<section class=\"elementor-section elementor-top-section elementor-element elementor-element-17d98ba elementor-section-boxed elementor-section-height-default elementor-section-height-default\" data-id=\"17d98ba\" data-element_type=\"section\" data-e-type=\"section\">\n\t\t\t\t\t\t<div class=\"elementor-container elementor-column-gap-default\">\n\t\t\t\t\t<div class=\"elementor-column elementor-col-100 elementor-top-column elementor-element elementor-element-edc715d\" data-id=\"edc715d\" data-element_type=\"column\" data-e-type=\"column\">\n\t\t\t<div class=\"elementor-widget-wrap elementor-element-populated\">\n\t\t\t\t\t\t<div class=\"elementor-element elementor-element-86b358f elementor-widget elementor-widget-spacer\" data-id=\"86b358f\" data-element_type=\"widget\" data-e-type=\"widget\" data-widget_type=\"spacer.default\">\n\t\t\t\t<div class=\"elementor-widget-container\">\n\t\t\t\t\t\t\t<div class=\"elementor-spacer\">\n\t\t\t<div class=\"elementor-spacer-inner\"><\/div>\n\t\t<\/div>\n\t\t\t\t\t\t<\/div>\n\t\t\t\t<\/div>\n\t\t\t\t\t<\/div>\n\t\t<\/div>\n\t\t\t\t\t<\/div>\n\t\t<\/section>\n\t\t\t\t<section class=\"elementor-section elementor-top-section elementor-element elementor-element-4f60cc4 elementor-section-boxed elementor-section-height-default elementor-section-height-default\" data-id=\"4f60cc4\" data-element_type=\"section\" data-e-type=\"section\" data-settings=\"{&quot;background_background&quot;:&quot;classic&quot;}\">\n\t\t\t\t\t\t<div class=\"elementor-container elementor-column-gap-default\">\n\t\t\t\t\t<div class=\"elementor-column elementor-col-100 elementor-top-column elementor-element elementor-element-0620354\" data-id=\"0620354\" data-element_type=\"column\" data-e-type=\"column\">\n\t\t\t<div class=\"elementor-widget-wrap elementor-element-populated\">\n\t\t\t\t\t\t<div class=\"elementor-element elementor-element-86653f9 elementor-widget elementor-widget-heading\" data-id=\"86653f9\" data-element_type=\"widget\" data-e-type=\"widget\" data-widget_type=\"heading.default\">\n\t\t\t\t<div class=\"elementor-widget-container\">\n\t\t\t\t\t<h1 class=\"elementor-heading-title elementor-size-default\">IMPRESSUM<\/h1>\t\t\t\t<\/div>\n\t\t\t\t<\/div>\n\t\t\t\t<div class=\"elementor-element elementor-element-ffc4e48 elementor-widget elementor-widget-spacer\" data-id=\"ffc4e48\" data-element_type=\"widget\" data-e-type=\"widget\" data-widget_type=\"spacer.default\">\n\t\t\t\t<div class=\"elementor-widget-container\">\n\t\t\t\t\t\t\t<div class=\"elementor-spacer\">\n\t\t\t<div class=\"elementor-spacer-inner\"><\/div>\n\t\t<\/div>\n\t\t\t\t\t\t<\/div>\n\t\t\t\t<\/div>\n\t\t\t\t<div class=\"elementor-element elementor-element-cf9f3c1 elementor-widget elementor-widget-heading\" data-id=\"cf9f3c1\" data-element_type=\"widget\" data-e-type=\"widget\" data-widget_type=\"heading.default\">\n\t\t\t\t<div class=\"elementor-widget-container\">\n\t\t\t\t\t<h2 class=\"elementor-heading-title elementor-size-default\">Impressum - Angaben gem\u00e4\u00df \u00a75 TMG<\/h2>\t\t\t\t<\/div>\n\t\t\t\t<\/div>\n\t\t\t\t<div class=\"elementor-element elementor-element-3dda008 elementor-widget elementor-widget-spacer\" data-id=\"3dda008\" data-element_type=\"widget\" data-e-type=\"widget\" data-widget_type=\"spacer.default\">\n\t\t\t\t<div class=\"elementor-widget-container\">\n\t\t\t\t\t\t\t<div class=\"elementor-spacer\">\n\t\t\t<div class=\"elementor-spacer-inner\"><\/div>\n\t\t<\/div>\n\t\t\t\t\t\t<\/div>\n\t\t\t\t<\/div>\n\t\t\t\t<div class=\"elementor-element elementor-element-4f02f60 elementor-widget elementor-widget-text-editor\" data-id=\"4f02f60\" data-element_type=\"widget\" data-e-type=\"widget\" data-widget_type=\"text-editor.default\">\n\t\t\t\t<div class=\"elementor-widget-container\">\n\t\t\t\t\t\t\t\t\t<p>PikAss Studios GmbH<br \/>Eichelweg 9\/1<br \/>69168 Wiesloch<\/p><p>Handelsregister:\u00a0742724<br \/>Registergericht: Mannheim<\/p><p>vertreten durch den Gesch\u00e4ftsf\u00fchrer: Herr Wolfgang Benkesser<\/p><p><strong>Kontakt<br \/><\/strong>Telefon: +49 6202 5907821<br \/>E-Mail:\u00a0<a href=\"mailto:office.wiesloch@pikasstattoo.de\" target=\"_blank\" rel=\"noopener\">office.wiesloch@pikasstattoo.de<\/a><\/p><p><strong>Umsatzsteuer-ID<br \/><\/strong>Umsatzsteuer-Identifikationsnummer gem\u00e4\u00df \u00a7 27 a Umsatzsteuergesetz: DE351912639<\/p><p><strong>Angaben zur Berufs\u00adhaftpflicht\u00adversicherung<br \/><\/strong>Name und Sitz des Versicherers: Continentale \/ Versicherungsbund Europa<\/p><p><strong>Geltungsraum der Versicherung<\/strong><br \/>Bundesrepublik Deutschland<\/p><p><strong>Redaktionell verantwortlich<br \/><\/strong>PikAss Studios GmbH<br \/>Eichelweg 9\/1<br \/>69168 Wiesloch<\/p><p><strong>EU-Streitschlichtung<br \/><\/strong>Die Europ\u00e4ische Kommission stellt eine Plattform zur Online-Streitbeilegung (OS) bereit:\u00a0<a href=\"https:\/\/ec.europa.eu\/consumers\/odr\/\" target=\"_blank\" rel=\"noopener\">https:\/\/ec.europa.eu\/consumers\/odr\/<\/a>.<br \/>Unsere E-Mail-Adresse finden Sie oben im Impressum.<\/p><p><strong>Verbraucher\u00adstreit\u00adbeilegung\/Universal\u00adschlichtungs\u00adstelle<br \/><\/strong>Wir nehmen an einem Streitbeilegungsverfahren vor einer Verbraucherschlichtungsstelle teil. Zust\u00e4ndig ist die Universalschlichtungsstelle des Zentrums f\u00fcr Schlichtung e.V., Stra\u00dfburger Stra\u00dfe 8, 77694 Kehl am Rhein\u00a0<a href=\"https:\/\/www.verbraucher-schlichter.de\/\" target=\"_blank\" rel=\"noopener\">https:\/\/www.verbraucher-schlichter.de<\/a>.<\/p>\t\t\t\t\t\t\t\t<\/div>\n\t\t\t\t<\/div>\n\t\t\t\t\t<\/div>\n\t\t<\/div>\n\t\t\t\t\t<\/div>\n\t\t<\/section>\n\t\t\t\t<section class=\"elementor-section elementor-top-section elementor-element elementor-element-c45cbce elementor-section-boxed elementor-section-height-default elementor-section-height-default\" data-id=\"c45cbce\" data-element_type=\"section\" data-e-type=\"section\" data-settings=\"{&quot;background_background&quot;:&quot;classic&quot;}\">\n\t\t\t\t\t\t<div class=\"elementor-container elementor-column-gap-default\">\n\t\t\t\t\t<div class=\"elementor-column elementor-col-50 elementor-top-column elementor-element elementor-element-b098bc8\" data-id=\"b098bc8\" data-element_type=\"column\" data-e-type=\"column\">\n\t\t\t<div class=\"elementor-widget-wrap elementor-element-populated\">\n\t\t\t\t\t\t<div class=\"elementor-element elementor-element-c2ccb56 elementor-widget elementor-widget-text-editor\" data-id=\"c2ccb56\" data-element_type=\"widget\" data-e-type=\"widget\" data-widget_type=\"text-editor.default\">\n\t\t\t\t<div class=\"elementor-widget-container\">\n\t\t\t\t\t\t\t\t\t<p>\u00a9 2022 PikAss Studios GmbH<\/p>\t\t\t\t\t\t\t\t<\/div>\n\t\t\t\t<\/div>\n\t\t\t\t\t<\/div>\n\t\t<\/div>\n\t\t\t\t<div class=\"elementor-column elementor-col-50 elementor-top-column elementor-element elementor-element-fd48631\" data-id=\"fd48631\" data-element_type=\"column\" data-e-type=\"column\">\n\t\t\t<div class=\"elementor-widget-wrap elementor-element-populated\">\n\t\t\t\t\t\t<div class=\"elementor-element elementor-element-78ca3a8 elementor-nav-menu__align-end elementor-nav-menu--dropdown-none elementor-hidden-mobile elementor-widget elementor-widget-nav-menu\" data-id=\"78ca3a8\" data-element_type=\"widget\" data-e-type=\"widget\" data-settings=\"{&quot;layout&quot;:&quot;horizontal&quot;,&quot;submenu_icon&quot;:{&quot;value&quot;:&quot;&lt;i class=\\&quot;fas fa-caret-down\\&quot; aria-hidden=\\&quot;true\\&quot;&gt;&lt;\\\/i&gt;&quot;,&quot;library&quot;:&quot;fa-solid&quot;}}\" data-widget_type=\"nav-menu.default\">\n\t\t\t\t<div class=\"elementor-widget-container\">\n\t\t\t\t\t\t\t\t<nav aria-label=\"Menu\" class=\"elementor-nav-menu--main elementor-nav-menu__container elementor-nav-menu--layout-horizontal e--pointer-none\">\n\t\t\t\t<ul id=\"menu-1-78ca3a8\" class=\"elementor-nav-menu\"><li class=\"menu-item menu-item-type-post_type menu-item-object-page menu-item-5075\"><a target=\"_blank\" href=\"https:\/\/studios.pikasslifestyle.com\/studio-wiesloch\/agb\/\" class=\"elementor-item\">AGB<\/a><\/li>\n<li class=\"menu-item menu-item-type-post_type menu-item-object-page menu-item-privacy-policy menu-item-5073\"><a target=\"_blank\" rel=\"privacy-policy\" href=\"https:\/\/studios.pikasslifestyle.com\/studio-wiesloch\/dsgvo\/\" class=\"elementor-item\">DSGVO<\/a><\/li>\n<li class=\"menu-item menu-item-type-post_type menu-item-object-page menu-item-5074\"><a target=\"_blank\" href=\"https:\/\/studios.pikasslifestyle.com\/studio-wiesloch\/impressum\/\" class=\"elementor-item\">IMPRESSUM<\/a><\/li>\n<\/ul>\t\t\t<\/nav>\n\t\t\t\t\t\t<nav class=\"elementor-nav-menu--dropdown elementor-nav-menu__container\" aria-hidden=\"true\">\n\t\t\t\t<ul id=\"menu-2-78ca3a8\" class=\"elementor-nav-menu\"><li class=\"menu-item menu-item-type-post_type menu-item-object-page menu-item-5075\"><a target=\"_blank\" href=\"https:\/\/studios.pikasslifestyle.com\/studio-wiesloch\/agb\/\" class=\"elementor-item\" tabindex=\"-1\">AGB<\/a><\/li>\n<li class=\"menu-item menu-item-type-post_type menu-item-object-page menu-item-privacy-policy menu-item-5073\"><a target=\"_blank\" rel=\"privacy-policy\" href=\"https:\/\/studios.pikasslifestyle.com\/studio-wiesloch\/dsgvo\/\" class=\"elementor-item\" tabindex=\"-1\">DSGVO<\/a><\/li>\n<li class=\"menu-item menu-item-type-post_type menu-item-object-page menu-item-5074\"><a target=\"_blank\" href=\"https:\/\/studios.pikasslifestyle.com\/studio-wiesloch\/impressum\/\" class=\"elementor-item\" tabindex=\"-1\">IMPRESSUM<\/a><\/li>\n<\/ul>\t\t\t<\/nav>\n\t\t\t\t\t\t<\/div>\n\t\t\t\t<\/div>\n\t\t\t\t<div class=\"elementor-element elementor-element-0faa6f1 elementor-nav-menu__align-center elementor-nav-menu--dropdown-none elementor-hidden-desktop elementor-hidden-tablet elementor-widget elementor-widget-nav-menu\" data-id=\"0faa6f1\" data-element_type=\"widget\" data-e-type=\"widget\" data-settings=\"{&quot;layout&quot;:&quot;horizontal&quot;,&quot;submenu_icon&quot;:{&quot;value&quot;:&quot;&lt;i class=\\&quot;fas fa-caret-down\\&quot; aria-hidden=\\&quot;true\\&quot;&gt;&lt;\\\/i&gt;&quot;,&quot;library&quot;:&quot;fa-solid&quot;}}\" data-widget_type=\"nav-menu.default\">\n\t\t\t\t<div class=\"elementor-widget-container\">\n\t\t\t\t\t\t\t\t<nav aria-label=\"Menu\" class=\"elementor-nav-menu--main elementor-nav-menu__container elementor-nav-menu--layout-horizontal e--pointer-none\">\n\t\t\t\t<ul id=\"menu-1-0faa6f1\" class=\"elementor-nav-menu\"><li class=\"menu-item menu-item-type-post_type menu-item-object-page menu-item-5075\"><a target=\"_blank\" href=\"https:\/\/studios.pikasslifestyle.com\/studio-wiesloch\/agb\/\" class=\"elementor-item\">AGB<\/a><\/li>\n<li class=\"menu-item menu-item-type-post_type menu-item-object-page menu-item-privacy-policy menu-item-5073\"><a target=\"_blank\" rel=\"privacy-policy\" href=\"https:\/\/studios.pikasslifestyle.com\/studio-wiesloch\/dsgvo\/\" class=\"elementor-item\">DSGVO<\/a><\/li>\n<li class=\"menu-item menu-item-type-post_type menu-item-object-page menu-item-5074\"><a target=\"_blank\" href=\"https:\/\/studios.pikasslifestyle.com\/studio-wiesloch\/impressum\/\" class=\"elementor-item\">IMPRESSUM<\/a><\/li>\n<\/ul>\t\t\t<\/nav>\n\t\t\t\t\t\t<nav class=\"elementor-nav-menu--dropdown elementor-nav-menu__container\" aria-hidden=\"true\">\n\t\t\t\t<ul id=\"menu-2-0faa6f1\" class=\"elementor-nav-menu\"><li class=\"menu-item menu-item-type-post_type menu-item-object-page menu-item-5075\"><a target=\"_blank\" href=\"https:\/\/studios.pikasslifestyle.com\/studio-wiesloch\/agb\/\" class=\"elementor-item\" tabindex=\"-1\">AGB<\/a><\/li>\n<li class=\"menu-item menu-item-type-post_type menu-item-object-page menu-item-privacy-policy menu-item-5073\"><a target=\"_blank\" rel=\"privacy-policy\" href=\"https:\/\/studios.pikasslifestyle.com\/studio-wiesloch\/dsgvo\/\" class=\"elementor-item\" tabindex=\"-1\">DSGVO<\/a><\/li>\n<li class=\"menu-item menu-item-type-post_type menu-item-object-page menu-item-5074\"><a target=\"_blank\" href=\"https:\/\/studios.pikasslifestyle.com\/studio-wiesloch\/impressum\/\" class=\"elementor-item\" tabindex=\"-1\">IMPRESSUM<\/a><\/li>\n<\/ul>\t\t\t<\/nav>\n\t\t\t\t\t\t<\/div>\n\t\t\t\t<\/div>\n\t\t\t\t\t<\/div>\n\t\t<\/div>\n\t\t\t\t\t<\/div>\n\t\t<\/section>\n\t\t\t\t<section class=\"elementor-section elementor-top-section elementor-element elementor-element-73ace7b1 elementor-section-full_width elementor-section-height-default elementor-section-height-default\" data-id=\"73ace7b1\" data-element_type=\"section\" data-e-type=\"section\">\n\t\t\t\t\t\t<div class=\"elementor-container elementor-column-gap-default\">\n\t\t\t\t\t<div class=\"elementor-column elementor-col-100 elementor-top-column elementor-element elementor-element-22b9e2b7\" data-id=\"22b9e2b7\" data-element_type=\"column\" data-e-type=\"column\">\n\t\t\t<div class=\"elementor-widget-wrap elementor-element-populated\">\n\t\t\t\t\t\t\t<\/div>\n\t\t<\/div>\n\t\t\t\t\t<\/div>\n\t\t<\/section>\n\t\t\t\t<\/div>\n\t\t","protected":false},"excerpt":{"rendered":"<p>Studio Wiesloch Impressum IMPRESSUM Impressum &#8211; Angaben gem\u00e4\u00df \u00a75 TMG &hellip;<\/p>\n","protected":false},"author":1,"featured_media":0,"parent":0,"menu_order":99,"comment_status":"closed","ping_status":"closed","template":"","meta":{"footnotes":""},"class_list":["post-2201","page","type-page","status-publish","hentry"],"_links":{"self":[{"href":"https:\/\/studios.pikasslifestyle.com\/studio-wiesloch\/wp-json\/wp\/v2\/pages\/2201","targetHints":{"allow":["GET"]}}],"collection":[{"href":"https:\/\/studios.pikasslifestyle.com\/studio-wiesloch\/wp-json\/wp\/v2\/pages"}],"about":[{"href":"https:\/\/studios.pikasslifestyle.com\/studio-wiesloch\/wp-json\/wp\/v2\/types\/page"}],"author":[{"embeddable":true,"href":"https:\/\/studios.pikasslifestyle.com\/studio-wiesloch\/wp-json\/wp\/v2\/users\/1"}],"replies":[{"embeddable":true,"href":"https:\/\/studios.pikasslifestyle.com\/studio-wiesloch\/wp-json\/wp\/v2\/comments?post=2201"}],"version-history":[{"count":66,"href":"https:\/\/studios.pikasslifestyle.com\/studio-wiesloch\/wp-json\/wp\/v2\/pages\/2201\/revisions"}],"predecessor-version":[{"id":8823,"href":"https:\/\/studios.pikasslifestyle.com\/studio-wiesloch\/wp-json\/wp\/v2\/pages\/2201\/revisions\/8823"}],"wp:attachment":[{"href":"https:\/\/studios.pikasslifestyle.com\/studio-wiesloch\/wp-json\/wp\/v2\/media?parent=2201"}],"curies":[{"name":"wp","href":"https:\/\/api.w.org\/{rel}","templated":true}]}}